{"id":1928,"date":"2020-04-09T19:20:58","date_gmt":"2020-04-09T18:20:58","guid":{"rendered":"https:\/\/www.olivierdilmi.fr\/?page_id=1928"},"modified":"2025-12-17T17:36:36","modified_gmt":"2025-12-17T16:36:36","slug":"f-a-q","status":"publish","type":"page","link":"https:\/\/olivierdilmi.fr\/de\/haufig-gestellte-fragen\/","title":{"rendered":"H\u00e4ufig gestellte Fragen"},"content":{"rendered":"<p>Wie viele Fotos von der Hochzeit werden wir haben?<\/p>\n<p>Tats\u00e4chlich sortiere ich die Bilder und gebe Ihnen nicht alles zur\u00fcck, aber obwohl ich wei\u00df, dass einige Fotografen Pakete mit einer bestimmten Anzahl von Bildern anbieten, ist das nicht mein Fall. Ich beschr\u00e4nke mich nicht auf die Anzahl der gerenderten Dateien. Ich gebe Ihnen alle diejenigen, die ich f\u00fcr technisch erfolgreich und nicht repetitiv halte. Das sind deine Erinnerungen und es ist nicht meine Aufgabe zu sagen, ob diese Erinnerung f\u00fcr dich wichtig ist oder nicht. Als Richtwert gilt, dass diese in der Regel zwischen 200 und 700 liegt, abh\u00e4ngig von der Dauer meines Auftritts und der Anzahl der G\u00e4ste.<\/p>\n<p>Wie lange dauert eine Portr\u00e4tsitzung?<\/p>\n<p>Ich nehme mir die Zeit, die ich brauche, um die Bilder zu erhalten, die ich m\u00f6chte. Wenn wir mit Erwachsenen zusammen sind, reicht in der Regel 1 Stunde, aber bei Kindern m\u00fcssen wir uns die n\u00f6tige Zeit nehmen, insbesondere bei Babys sind Essens- und Spielpausen oft sinnvoll, aber die Sitzung dauert nicht l\u00e4nger als 2 Stunden, damit sie nicht m\u00fcde werden .<\/p>\n<p>Wie schnell werden wir unsere Fotos haben?<\/p>\n<p>F\u00fcr Portr\u00e4tsitzungen von 15 bis 30 Tagen und f\u00fcr Hochzeiten von 2 bis 4 Monaten. Ich bin mir bewusst, dass es sich bei diesen Zahlen um Richtwerte handelt und dass ich es immer so schnell wie m\u00f6glich erledige und mir dabei die n\u00f6tige Zeit nehme, um allen gleichwertige Arbeit zu liefern.<\/p>\n<p>Bis wann bleiben Sie bei unserer Hochzeit?<\/p>\n<p>Wenn mein Service den Abend Ihrer Hochzeit umfasst, bleibe ich bis zur Er\u00f6ffnung des Balls und der Ankunft der Torte (in der Regel gegen Mitternacht).<\/p>\n<p>Werden alle unsere Fotos retuschiert?<\/p>\n<p>Die Bilder von den Portr\u00e4tsitzungen ja. Bei Hochzeiten werden alle bearbeitet (Zuschnitt, Licht, Farbe &#8230; um ihnen den Stil der Bilder zu verleihen, die Ihnen auf meiner Website gefallen haben), aber nur die Bilder aus der Paarsitzung werden bei Bedarf retuschiert.<\/p>\n<p>Wie lange bleibt die Galerie online?<\/p>\n<p>Die Galerie mit privatem Zugang bleibt 3 Monate lang online, damit Sie Ihre Dateien herunterladen und Abz\u00fcge direkt auf der Website mit Lieferung nach Hause bestellen k\u00f6nnen. Sollten G\u00e4ste Ihre Bilder vergessen haben oder Sie Ihre Bilder gel\u00f6scht haben, bewahre ich diese 2 Jahre lang auf und kann sie bei Bedarf wieder online stellen.<\/p>\n<p>Welche Geb\u00fchren sind enthalten?<\/p>\n<p>Reise- und \u00dcbernachtungskosten im Departement Var sind inbegriffen.<\/p>\n<p>Die Verpflegung w\u00e4hrend des Gottesdienstes sowie die Reise- und Unterbringungskosten au\u00dferhalb des Var gehen zu Ihren Lasten.<\/p>\n<p>Welche Optionen?<\/p>\n<p>Das Albumbuch: 30&#215;30 cm, flache \u00d6ffnung, personalisierter Einband<\/p>\n<p>Die Paarsitzung vor oder nach der Hochzeit: 2 Stunden am Ort Ihrer Wahl.<\/p>\n<p>Wie hoch sind Ihre Preise?<\/p>\n<p>Einige Details hier: Preise<\/p>\n<p>Weitere Fragen?<\/p>\n<p>Das stelle ich mir vor, also lernen wir uns kennen und schreiben mir an contact@olivierdilmi.fr<\/p>\n","protected":false},"excerpt":{"rendered":"<p>Wie viele Fotos von der Hochzeit werden wir haben? Tats\u00e4chlich sortiere ich die Bilder und gebe Ihnen nicht alles zur\u00fcck, aber obwohl ich wei\u00df, dass einige Fotografen Pakete mit einer bestimmten Anzahl von Bildern anbieten, ist das nicht mein Fall. Ich beschr\u00e4nke mich nicht auf &hellip; <a href=\"https:\/\/olivierdilmi.fr\/de\/haufig-gestellte-fragen\/\" class=\"more-link\"><span>Continue reading<span class=\"screen-reader-text\">H\u00e4ufig gestellte Fragen<\/span><\/span><\/a><\/p>\n","protected":false},"author":1,"featured_media":0,"parent":0,"menu_order":0,"comment_status":"closed","ping_status":"closed","template":"","meta":{"footnotes":""},"class_list":["post-1928","page","type-page","status-publish","hentry"],"_links":{"self":[{"href":"https:\/\/olivierdilmi.fr\/de\/wp-json\/wp\/v2\/pages\/1928","targetHints":{"allow":["GET"]}}],"collection":[{"href":"https:\/\/olivierdilmi.fr\/de\/wp-json\/wp\/v2\/pages"}],"about":[{"href":"https:\/\/olivierdilmi.fr\/de\/wp-json\/wp\/v2\/types\/page"}],"author":[{"embeddable":true,"href":"https:\/\/olivierdilmi.fr\/de\/wp-json\/wp\/v2\/users\/1"}],"replies":[{"embeddable":true,"href":"https:\/\/olivierdilmi.fr\/de\/wp-json\/wp\/v2\/comments?post=1928"}],"version-history":[{"count":1,"href":"https:\/\/olivierdilmi.fr\/de\/wp-json\/wp\/v2\/pages\/1928\/revisions"}],"predecessor-version":[{"id":2530,"href":"https:\/\/olivierdilmi.fr\/de\/wp-json\/wp\/v2\/pages\/1928\/revisions\/2530"}],"wp:attachment":[{"href":"https:\/\/olivierdilmi.fr\/de\/wp-json\/wp\/v2\/media?parent=1928"}],"curies":[{"name":"wp","href":"https:\/\/api.w.org\/{rel}","templated":true}]}}