{"id":1939,"date":"2020-04-09T20:41:02","date_gmt":"2020-04-09T19:41:02","guid":{"rendered":"https:\/\/www.olivierdilmi.fr\/?page_id=1939"},"modified":"2025-08-03T20:39:29","modified_gmt":"2025-08-03T19:39:29","slug":"a-propos-de-moi","status":"publish","type":"page","link":"https:\/\/olivierdilmi.fr\/de\/uber-mich\/","title":{"rendered":"\u00dcber mich"},"content":{"rendered":"<p>Und wenn wir uns ein wenig kennengelernt haben, ist die Wahl Ihres Fotografen nicht auf den Preis und die Qualit\u00e4t seiner Fotos beschr\u00e4nkt, er ist der einzige Ihrer Dienstleister (zusammen mit dem Videofilmer, wenn es einen gibt), dem Sie folgen k\u00f6nnen Sie den ganzen Tag \u00fcber begleiten, vom ersten Kaffee ohne Make-up bis zum Glas Champagner zur Kuchenzeit, er muss auch jemand sein, zu dem das \u201eGef\u00fchl\u201c gut passt, er muss die gleichen Werte haben wie Sie.<\/p>\n<p>Also, wer bin ich? Es ist nicht einfach, \u00fcber sich selbst zu sprechen, weil man sich dadurch ein wenig blo\u00dfstellt, und es wird oft durch unser Urteilsverm\u00f6gen und den Unterschied zwischen dem Bild, das wir gerne\/von dem wir haben, und dem, das wir vermitteln, verzerrt. Aber ich denke, dass Ihnen dieses chinesische Portr\u00e4t vermitteln wird ein guter erster Einblick in meine Pers\u00f6nlichkeit:<\/p>\n<p>Wenn ich ein Hashtag w\u00e4re&#8230; #Portrait<\/p>\n<p>Wenn ich eine Emotion w\u00e4re&#8230; Liebe<\/p>\n<p>Wenn ich ein Vergn\u00fcgen w\u00e4re &#8230; Das Vergn\u00fcgen, Gef\u00fchle noch lange danach zu erleben<\/p>\n<p>Wenn ich eine Jahreszeit w\u00e4re &#8230; Sommer<\/p>\n<p>Wenn ich ein Ger\u00e4usch w\u00e4re&#8230; das des Ausl\u00f6sers der Unsterblichkeit<\/p>\n<p>Wenn ich ein Geruch w\u00e4re &#8230; Der Lavendel, den ich genauso auf meinen Kopf bekomme wie das Brautpaar, wenn sie gehen<\/p>\n<p>Wenn ich eine Party w\u00e4re&#8230; Eine Hochzeit, was sonst?!<\/p>\n<p>Wenn ich eine Kunst w\u00e4re&#8230; Fotografie nat\u00fcrlich<\/p>\n<p>Wenn ich eine Supermacht w\u00e4re&#8230; mach es ewig<\/p>\n<p>Wenn ich eine Landschaft w\u00e4re&#8230; die Provence, wo ich aufgewachsen bin<\/p>\n<p>Wenn ich einer der 5 Sinne w\u00e4re&#8230; Sehen, kein Detail entgeht mir \ud83d\ude09<\/p>\n<p>Wenn ich einer der Momente des Tages w\u00e4re&#8230; das Ende des Tages, ein Licht, das ich verehre<\/p>\n<p>Wenn ich eine schlechte Angewohnheit w\u00e4re&#8230; Da zu sein, selbst wenn man weint (offensichtlich vor Freude)<\/p>\n<p>Wenn ich ein Motto w\u00e4re&#8230; Ein Foto einmal, eine Erinnerung f\u00fcr immer<\/p>\n<p>Mein Charakter<\/p>\n<p>Da ich einen gro\u00dfen Teil meines Lebens in den Armeekommandos verbracht habe, kann man meiner Meinung nach von mir sagen, dass ich eine gro\u00dfe Anpassungsf\u00e4higkeit habe und dass ich diskret, effizient, kontaktfreudig, direkt und ehrlich bin.<\/p>\n<p>Mein fotografischer Stil<\/p>\n<p>Nat\u00fcrlich und romantisch verfolge ich bei der Fotografie einen sehr journalistischen Ansatz, der meinen Hochzeiten einen eher \u201eFotojournalismus\u201c-Stil und meinen Sitzungen mehr \u201eLifestyle\u201c verleiht.<\/p>\n<p>Meine Werte<\/p>\n<p>Gesunder Menschenverstand, Gr\u00fcndlichkeit und Respekt<\/p>\n","protected":false},"excerpt":{"rendered":"<p>Und wenn wir uns ein wenig kennengelernt haben, ist die Wahl Ihres Fotografen nicht auf den Preis und die Qualit\u00e4t seiner Fotos beschr\u00e4nkt, er ist der einzige Ihrer Dienstleister (zusammen mit dem Videofilmer, wenn es einen gibt), dem Sie folgen k\u00f6nnen Sie den ganzen Tag &hellip; <a href=\"https:\/\/olivierdilmi.fr\/de\/uber-mich\/\" class=\"more-link\"><span>Continue reading<span class=\"screen-reader-text\">\u00dcber mich<\/span><\/span><\/a><\/p>\n","protected":false},"author":1,"featured_media":0,"parent":0,"menu_order":0,"comment_status":"closed","ping_status":"closed","template":"","meta":{"footnotes":""},"class_list":["post-1939","page","type-page","status-publish","hentry"],"_links":{"self":[{"href":"https:\/\/olivierdilmi.fr\/de\/wp-json\/wp\/v2\/pages\/1939","targetHints":{"allow":["GET"]}}],"collection":[{"href":"https:\/\/olivierdilmi.fr\/de\/wp-json\/wp\/v2\/pages"}],"about":[{"href":"https:\/\/olivierdilmi.fr\/de\/wp-json\/wp\/v2\/types\/page"}],"author":[{"embeddable":true,"href":"https:\/\/olivierdilmi.fr\/de\/wp-json\/wp\/v2\/users\/1"}],"replies":[{"embeddable":true,"href":"https:\/\/olivierdilmi.fr\/de\/wp-json\/wp\/v2\/comments?post=1939"}],"version-history":[{"count":0,"href":"https:\/\/olivierdilmi.fr\/de\/wp-json\/wp\/v2\/pages\/1939\/revisions"}],"wp:attachment":[{"href":"https:\/\/olivierdilmi.fr\/de\/wp-json\/wp\/v2\/media?parent=1939"}],"curies":[{"name":"wp","href":"https:\/\/api.w.org\/{rel}","templated":true}]}}