{"id":898,"date":"2017-11-29T15:59:12","date_gmt":"2017-11-29T14:59:12","guid":{"rendered":"http:\/\/www.olivierdilmi.fr\/?page_id=898"},"modified":"2025-08-23T18:04:27","modified_gmt":"2025-08-23T17:04:27","slug":"tarifs","status":"publish","type":"page","link":"https:\/\/olivierdilmi.fr\/de\/tarifs\/","title":{"rendered":"Tarifs"},"content":{"rendered":"<p>Portraitsession ab 250\u20ac<br \/>\n1 Stunde Shooting<br \/>\n15 Fotos bearbeitet und retuschiert<br \/>\ndie Er\u00f6ffnung einer Galerie mit privatem Zugang zur Bestellung von Drucken und dem kostenlosen Download von 15 Bildern<br \/>\nM\u00f6glichkeit zum Kauf zus\u00e4tzlicher Bilder<br \/>\nReisekosten im Preis inbegriffen<br \/>\nEs gibt verschiedene Hochzeitspakete ab 700 \u20ac, alle inklusive:<br \/>\nReporting, Sortierung, Bearbeitung und Retusche von Fotos<br \/>\ndie Erstellung einer Galerie mit privatem Zugang zur Bestellung von Drucken und zum kostenlosen Herunterladen von Bildern f\u00fcr Sie UND Ihre G\u00e4ste<br \/>\nReisekosten im Var<\/p>\n<p><a href=\"https:\/\/olivierdilmi.fr\/plaquette-forfaits-mariage\/\">Laden<\/a> Sie die Preisliste f\u00fcr die verschiedenen Hochzeitspakete herunter.<\/p>\n<p>Optionen:<br \/>\nAlbumbuch<br \/>\nEngagement-Sitzung<br \/>\nSitzung am Tag danach<br \/>\nWeitere Informationen oder ein kostenloses individuelles Angebot auf Anfrage unter: contact@olivierdilmi.fr<\/p>\n","protected":false},"excerpt":{"rendered":"<p>Portraitsession ab 250\u20ac 1 Stunde Shooting 15 Fotos bearbeitet und retuschiert die Er\u00f6ffnung einer Galerie mit privatem Zugang zur Bestellung von Drucken und dem kostenlosen Download von 15 Bildern M\u00f6glichkeit zum Kauf zus\u00e4tzlicher Bilder Reisekosten im Preis inbegriffen Es gibt verschiedene Hochzeitspakete ab 700 \u20ac, &hellip; <a href=\"https:\/\/olivierdilmi.fr\/de\/tarifs\/\" class=\"more-link\"><span>Continue reading<span class=\"screen-reader-text\">Tarifs<\/span><\/span><\/a><\/p>\n","protected":false},"author":1,"featured_media":0,"parent":0,"menu_order":0,"comment_status":"closed","ping_status":"closed","template":"","meta":{"footnotes":""},"class_list":["post-898","page","type-page","status-publish","hentry"],"_links":{"self":[{"href":"https:\/\/olivierdilmi.fr\/de\/wp-json\/wp\/v2\/pages\/898","targetHints":{"allow":["GET"]}}],"collection":[{"href":"https:\/\/olivierdilmi.fr\/de\/wp-json\/wp\/v2\/pages"}],"about":[{"href":"https:\/\/olivierdilmi.fr\/de\/wp-json\/wp\/v2\/types\/page"}],"author":[{"embeddable":true,"href":"https:\/\/olivierdilmi.fr\/de\/wp-json\/wp\/v2\/users\/1"}],"replies":[{"embeddable":true,"href":"https:\/\/olivierdilmi.fr\/de\/wp-json\/wp\/v2\/comments?post=898"}],"version-history":[{"count":0,"href":"https:\/\/olivierdilmi.fr\/de\/wp-json\/wp\/v2\/pages\/898\/revisions"}],"wp:attachment":[{"href":"https:\/\/olivierdilmi.fr\/de\/wp-json\/wp\/v2\/media?parent=898"}],"curies":[{"name":"wp","href":"https:\/\/api.w.org\/{rel}","templated":true}]}}