{"id":1928,"date":"2020-04-09T19:20:58","date_gmt":"2020-04-09T18:20:58","guid":{"rendered":"https:\/\/www.olivierdilmi.fr\/?page_id=1928"},"modified":"2025-12-17T17:36:36","modified_gmt":"2025-12-17T16:36:36","slug":"f-a-q","status":"publish","type":"page","link":"https:\/\/olivierdilmi.fr\/es\/preguntas-frecuentes\/","title":{"rendered":"Preguntas frecuentes"},"content":{"rendered":"<p>\u00bfCu\u00e1ntas fotos de la boda tendremos?<\/p>\n<p>De hecho, clasifico las im\u00e1genes y no te devuelvo todo, pero aunque s\u00e9 que algunos fot\u00f3grafos te ofrecen paquetes que incluyen una cantidad espec\u00edfica de im\u00e1genes, ese no es mi caso. No me limito a la cantidad de archivos renderizados. Os doy todas aquellas que considero t\u00e9cnicamente exitosas y no repetitivas. Estos son tus recuerdos y no me corresponde a m\u00ed decir si este recuerdo es importante para ti o no. A t\u00edtulo indicativo, esto suele oscilar entre 200 y 700, dependiendo de la duraci\u00f3n de mi actuaci\u00f3n y del n\u00famero de invitados.<\/p>\n<p>\u00bfCu\u00e1nto dura una sesi\u00f3n de retratos?<\/p>\n<p>Me tomo el tiempo necesario para obtener las im\u00e1genes que quiero. Si estamos con adultos generalmente 1 hora es suficiente, pero con los ni\u00f1os debemos tomarnos todo el tiempo necesario, sobre todo con los beb\u00e9s, las pausas para comer y jugar suelen ser \u00fatiles, pero la sesi\u00f3n no supera las 2 horas para que no se cansen. .<\/p>\n<p>\u00bfQu\u00e9 tan pronto tendremos nuestras fotos?<\/p>\n<p>Para sesiones de Retrato de 15 a 30 d\u00edas y para bodas de 2 a 4 meses. Sabiendo que estas cifras son orientativas y que siempre lo hago lo m\u00e1s r\u00e1pido posible tom\u00e1ndome el tiempo necesario para entregar un trabajo de la misma calidad a todos.<\/p>\n<p>\u00bfHasta qu\u00e9 hora os qued\u00e1is en nuestra boda?<\/p>\n<p>Si mi servicio incluye la velada de vuestra boda me quedar\u00e9 hasta la apertura del baile y la llegada de la tarta (generalmente alrededor de medianoche).<\/p>\n<p>\u00bfTodas nuestras fotos ser\u00e1n retocadas?<\/p>\n<p>Las im\u00e1genes de las sesiones de retratos s\u00ed. Para las bodas se procesar\u00e1n todas (recorte, luz, color&#8230; para darles el estilo de las im\u00e1genes que te gustaron en mi sitio) pero solo se retocar\u00e1n las im\u00e1genes de la sesi\u00f3n de pareja si es necesario.<\/p>\n<p>\u00bfCu\u00e1nto tiempo permanece la galer\u00eda en l\u00ednea?<\/p>\n<p>La galer\u00eda con acceso privado permanece en l\u00ednea durante 3 meses para permitirle descargar sus archivos y solicitar impresiones directamente en el sitio con entrega a domicilio. Si los invitados olvidaron o usted elimin\u00f3 sus im\u00e1genes, las conservar\u00e9 durante 2 a\u00f1os y puedo volver a ponerlas en l\u00ednea si es necesario.<\/p>\n<p>\u00bfQu\u00e9 tarifas est\u00e1n incluidas?<\/p>\n<p>Los gastos de viaje y alojamiento en el departamento de Var est\u00e1n incluidos.<\/p>\n<p>La comida durante el servicio corre a su cargo, as\u00ed como los gastos de viaje y alojamiento fuera del Var.<\/p>\n<p>\u00bfQu\u00e9 opciones?<\/p>\n<p>El libro del \u00e1lbum: 30&#215;30 cm, apertura plana, portada personalizada<\/p>\n<p>La sesi\u00f3n de pareja antes o despu\u00e9s de la boda: 2 horas en el lugar de vuestra elecci\u00f3n.<\/p>\n<p>\u00bfCuales son sus precios?<\/p>\n<p>Algunos detalles aqu\u00ed: Precios<\/p>\n<p>\u00bfOtras preguntas?<\/p>\n<p>Me imagino que s\u00ed, vamos a conocernos y escribirme a contact@olivierdilmi.fr.<\/p>\n","protected":false},"excerpt":{"rendered":"<p>\u00bfCu\u00e1ntas fotos de la boda tendremos? De hecho, clasifico las im\u00e1genes y no te devuelvo todo, pero aunque s\u00e9 que algunos fot\u00f3grafos te ofrecen paquetes que incluyen una cantidad espec\u00edfica de im\u00e1genes, ese no es mi caso. No me limito a la cantidad de archivos &hellip; <a href=\"https:\/\/olivierdilmi.fr\/es\/preguntas-frecuentes\/\" class=\"more-link\"><span>Seguir leyendo<span class=\"screen-reader-text\">Preguntas frecuentes<\/span><\/span><\/a><\/p>\n","protected":false},"author":1,"featured_media":0,"parent":0,"menu_order":0,"comment_status":"closed","ping_status":"closed","template":"","meta":{"footnotes":""},"class_list":["post-1928","page","type-page","status-publish","hentry"],"_links":{"self":[{"href":"https:\/\/olivierdilmi.fr\/es\/wp-json\/wp\/v2\/pages\/1928","targetHints":{"allow":["GET"]}}],"collection":[{"href":"https:\/\/olivierdilmi.fr\/es\/wp-json\/wp\/v2\/pages"}],"about":[{"href":"https:\/\/olivierdilmi.fr\/es\/wp-json\/wp\/v2\/types\/page"}],"author":[{"embeddable":true,"href":"https:\/\/olivierdilmi.fr\/es\/wp-json\/wp\/v2\/users\/1"}],"replies":[{"embeddable":true,"href":"https:\/\/olivierdilmi.fr\/es\/wp-json\/wp\/v2\/comments?post=1928"}],"version-history":[{"count":1,"href":"https:\/\/olivierdilmi.fr\/es\/wp-json\/wp\/v2\/pages\/1928\/revisions"}],"predecessor-version":[{"id":2530,"href":"https:\/\/olivierdilmi.fr\/es\/wp-json\/wp\/v2\/pages\/1928\/revisions\/2530"}],"wp:attachment":[{"href":"https:\/\/olivierdilmi.fr\/es\/wp-json\/wp\/v2\/media?parent=1928"}],"curies":[{"name":"wp","href":"https:\/\/api.w.org\/{rel}","templated":true}]}}