{"id":1939,"date":"2020-04-09T20:41:02","date_gmt":"2020-04-09T19:41:02","guid":{"rendered":"https:\/\/www.olivierdilmi.fr\/?page_id=1939"},"modified":"2025-08-03T20:39:29","modified_gmt":"2025-08-03T19:39:29","slug":"a-propos-de-moi","status":"publish","type":"page","link":"https:\/\/olivierdilmi.fr\/es\/acerca-de-mi\/","title":{"rendered":"Acerca de m\u00ed"},"content":{"rendered":"<p>Y si nos conocemos un poco, la elecci\u00f3n de tu fot\u00f3grafo no se limita al precio y la calidad de sus fotos, \u00e9l es el \u00fanico de tus proveedores de servicios (junto con el camar\u00f3grafo cuando lo hay) a seguir. contigo durante todo tu d\u00eda, desde tu primer caf\u00e9 sin maquillaje todav\u00eda hasta tu copa de champagne a la hora de la tarta, tambi\u00e9n debe ser alguien con quien el \u201cfeeling\u201d vaya bien, debe tener los mismos valores que t\u00fa.<\/p>\n<p>Entonces \u00bfqui\u00e9n soy yo? No es f\u00e1cil hablar de uno mismo porque es exponerse un poco y muchas veces queda distorsionado por nuestro juicio y la diferencia entre la imagen que nos gustar\u00eda\/creemos que tenemos y la que damos.. Pero creo que este retrato chino te dar\u00e1 un buen primer vistazo a mi personalidad:<\/p>\n<p>Si yo fuera un hashtag&#8230; #Retrato<\/p>\n<p>Si yo fuera una emoci\u00f3n&#8230; Amor<\/p>\n<p>Si fuera un placer&#8230; El placer de revivir emociones mucho despu\u00e9s<\/p>\n<p>Si yo fuera una temporada&#8230; verano<\/p>\n<p>Si yo fuera un ruido&#8230; el del gatillo de la inmortalidad<\/p>\n<p>Si yo fuera un olor&#8230; La lavanda que se me pone en la cabeza tanto como a los novios cuando se van<\/p>\n<p>Si fuera una fiesta&#8230; \u00a1\u00bfUna boda qu\u00e9 m\u00e1s?!<\/p>\n<p>Si yo fuera un arte&#8230;la fotograf\u00eda obviamente<\/p>\n<p>Si fuera un superpoder&#8230; hazlo eterno<\/p>\n<p>Si yo fuera un paisaje&#8230; La Provenza donde crec\u00ed<\/p>\n<p>Si yo fuera uno de los 5 sentidos&#8230; La vista, no se me escapa ning\u00fan detalle \ud83d\ude09<\/p>\n<p>Si yo fuera uno de los momentos del d\u00eda&#8230; el final del d\u00eda, una luz que adoro<\/p>\n<p>Si fuera una mala costumbre&#8230; Estar ah\u00ed hasta cuando lloras (de alegr\u00eda obviamente)<\/p>\n<p>Si yo fuera un lema&#8230; Una foto una vez, un recuerdo para siempre<\/p>\n<p>mi personaje<\/p>\n<p>Habiendo pasado gran parte de mi vida en los comandos del ej\u00e9rcito, creo que se puede decir de m\u00ed que tengo una gran adaptabilidad y que soy discreta, eficiente, sociable, directa y honesta.<\/p>\n<p>mi estilo fotogr\u00e1fico<\/p>\n<p>Natural y rom\u00e1ntica, tengo un enfoque de la fotograf\u00eda muy reportero lo que le da a mis bodas un estilo m\u00e1s \u201cfotoperiodismo\u201d y mis sesiones m\u00e1s \u201clifestyle\u201d.<\/p>\n<p>mis valores<\/p>\n<p>Sentido com\u00fan, rigor y respeto.<\/p>\n","protected":false},"excerpt":{"rendered":"<p>Y si nos conocemos un poco, la elecci\u00f3n de tu fot\u00f3grafo no se limita al precio y la calidad de sus fotos, \u00e9l es el \u00fanico de tus proveedores de servicios (junto con el camar\u00f3grafo cuando lo hay) a seguir. contigo durante todo tu d\u00eda, &hellip; <a href=\"https:\/\/olivierdilmi.fr\/es\/acerca-de-mi\/\" class=\"more-link\"><span>Seguir leyendo<span class=\"screen-reader-text\">Acerca de m\u00ed<\/span><\/span><\/a><\/p>\n","protected":false},"author":1,"featured_media":0,"parent":0,"menu_order":0,"comment_status":"closed","ping_status":"closed","template":"","meta":{"footnotes":""},"class_list":["post-1939","page","type-page","status-publish","hentry"],"_links":{"self":[{"href":"https:\/\/olivierdilmi.fr\/es\/wp-json\/wp\/v2\/pages\/1939","targetHints":{"allow":["GET"]}}],"collection":[{"href":"https:\/\/olivierdilmi.fr\/es\/wp-json\/wp\/v2\/pages"}],"about":[{"href":"https:\/\/olivierdilmi.fr\/es\/wp-json\/wp\/v2\/types\/page"}],"author":[{"embeddable":true,"href":"https:\/\/olivierdilmi.fr\/es\/wp-json\/wp\/v2\/users\/1"}],"replies":[{"embeddable":true,"href":"https:\/\/olivierdilmi.fr\/es\/wp-json\/wp\/v2\/comments?post=1939"}],"version-history":[{"count":0,"href":"https:\/\/olivierdilmi.fr\/es\/wp-json\/wp\/v2\/pages\/1939\/revisions"}],"wp:attachment":[{"href":"https:\/\/olivierdilmi.fr\/es\/wp-json\/wp\/v2\/media?parent=1939"}],"curies":[{"name":"wp","href":"https:\/\/api.w.org\/{rel}","templated":true}]}}