{"id":898,"date":"2017-11-29T15:59:12","date_gmt":"2017-11-29T14:59:12","guid":{"rendered":"http:\/\/www.olivierdilmi.fr\/?page_id=898"},"modified":"2025-08-23T18:04:27","modified_gmt":"2025-08-23T17:04:27","slug":"tarifs","status":"publish","type":"page","link":"https:\/\/olivierdilmi.fr\/es\/tarifs\/","title":{"rendered":"Tarifs"},"content":{"rendered":"<p>Sesi\u00f3n de retrato desde 250\u20ac<br \/>\n1 hora de rodaje<br \/>\n15 fotograf\u00edas procesadas y retocadas<br \/>\nEl lanzamiento de una galer\u00eda con acceso privado para solicitar impresiones y la descarga gratuita de 15 im\u00e1genes<br \/>\nPosibilidad de adquirir im\u00e1genes adicionales<br \/>\nGastos de viaje incluidos en la var.<br \/>\nHay diferentes paquetes de boda a partir de 700\u20ac, todos ellos incluyen:<br \/>\nReportaje, clasificaci\u00f3n, procesamiento y retoque de fotograf\u00edas<br \/>\nLa creaci\u00f3n de una galer\u00eda con acceso privado para solicitar impresiones y descarga gratuita de im\u00e1genes para usted Y sus invitados.<br \/>\nGastos de viaje en el Var<\/p>\n<p><a href=\"https:\/\/olivierdilmi.fr\/plaquette-forfaits-mariage\/\">Descarga<\/a> la lista de precios de los diferentes paquetes de boda.<\/p>\n<p>Opciones:<br \/>\nLibro de \u00e1lbumes<br \/>\nSesi\u00f3n de compromiso<br \/>\nsesi\u00f3n el d\u00eda despu\u00e9s<br \/>\nM\u00e1s informaci\u00f3n o presupuesto personalizado gratuito bajo petici\u00f3n en: contact@olivierdilmi.fr<\/p>\n","protected":false},"excerpt":{"rendered":"<p>Sesi\u00f3n de retrato desde 250\u20ac 1 hora de rodaje 15 fotograf\u00edas procesadas y retocadas El lanzamiento de una galer\u00eda con acceso privado para solicitar impresiones y la descarga gratuita de 15 im\u00e1genes Posibilidad de adquirir im\u00e1genes adicionales Gastos de viaje incluidos en la var. Hay &hellip; <a href=\"https:\/\/olivierdilmi.fr\/es\/tarifs\/\" class=\"more-link\"><span>Seguir leyendo<span class=\"screen-reader-text\">Tarifs<\/span><\/span><\/a><\/p>\n","protected":false},"author":1,"featured_media":0,"parent":0,"menu_order":0,"comment_status":"closed","ping_status":"closed","template":"","meta":{"footnotes":""},"class_list":["post-898","page","type-page","status-publish","hentry"],"_links":{"self":[{"href":"https:\/\/olivierdilmi.fr\/es\/wp-json\/wp\/v2\/pages\/898","targetHints":{"allow":["GET"]}}],"collection":[{"href":"https:\/\/olivierdilmi.fr\/es\/wp-json\/wp\/v2\/pages"}],"about":[{"href":"https:\/\/olivierdilmi.fr\/es\/wp-json\/wp\/v2\/types\/page"}],"author":[{"embeddable":true,"href":"https:\/\/olivierdilmi.fr\/es\/wp-json\/wp\/v2\/users\/1"}],"replies":[{"embeddable":true,"href":"https:\/\/olivierdilmi.fr\/es\/wp-json\/wp\/v2\/comments?post=898"}],"version-history":[{"count":0,"href":"https:\/\/olivierdilmi.fr\/es\/wp-json\/wp\/v2\/pages\/898\/revisions"}],"wp:attachment":[{"href":"https:\/\/olivierdilmi.fr\/es\/wp-json\/wp\/v2\/media?parent=898"}],"curies":[{"name":"wp","href":"https:\/\/api.w.org\/{rel}","templated":true}]}}