{"id":1939,"date":"2020-04-09T20:41:02","date_gmt":"2020-04-09T19:41:02","guid":{"rendered":"https:\/\/www.olivierdilmi.fr\/?page_id=1939"},"modified":"2025-08-03T20:39:29","modified_gmt":"2025-08-03T19:39:29","slug":"a-propos-de-moi","status":"publish","type":"page","link":"https:\/\/olivierdilmi.fr\/it\/su-di-me\/","title":{"rendered":"Su di me"},"content":{"rendered":"<p>E se ci conosciamo un po&#8217;, la scelta del vostro fotografo non si limita al prezzo e alla qualit\u00e0 delle sue foto, \u00e8 l&#8217;unico dei vostri fornitori di servizi (insieme al videografo quando c&#8217;\u00e8) da seguire te durante tutta la giornata, dal primo caff\u00e8 senza trucco fino alla coppa di champagne all&#8217;ora della torta, deve anche essere qualcuno con cui il &#8220;sentimento&#8221; va bene, deve avere i tuoi stessi valori.<\/p>\n<p>Allora chi sono io? Non \u00e8 facile parlare di s\u00e9 perch\u00e9 \u00e8 esporsi un po&#8217; e spesso \u00e8 distorto dal nostro giudizio e dalla differenza tra l&#8217;immagine che vorremmo\/crediamo di avere e quella che diamo.. Ma penso che questo ritratto cinese vi dar\u00e0 un buon primo assaggio della mia personalit\u00e0:<\/p>\n<p>Se fossi un hashtag&#8230; #Ritratto<\/p>\n<p>Se fossi un&#8217;emozione&#8230; Amore<\/p>\n<p>Se fossi un piacere&#8230; Il piacere di rivivere emozioni a lungo termine<\/p>\n<p>Se fossi una stagione&#8230; l&#8217;estate<\/p>\n<p>Se fossi un rumore&#8230; quello del grilletto dell&#8217;immortalit\u00e0<\/p>\n<p>Se fossi un odore&#8230; La lavanda che mi metto in testa tanto quanto gli sposi quando se ne vanno<\/p>\n<p>Se fossi una festa&#8230; Un matrimonio cos&#8217;altro?!<\/p>\n<p>Se fossi un&#8217;arte&#8230; la fotografia ovviamente<\/p>\n<p>Se fossi un super potere&#8230; rendilo eterno<\/p>\n<p>Se fossi un paesaggio&#8230; La Provenza dove sono cresciuto<\/p>\n<p>Se fossi uno dei 5 sensi&#8230; Vista, nessun dettaglio mi sfugge \ud83d\ude09<\/p>\n<p>Se fossi uno dei momenti della giornata&#8230; la fine della giornata, una luce che adoro<\/p>\n<p>Se fossi una cattiva abitudine&#8230; Esserci anche quando piangi (di gioia ovviamente)<\/p>\n<p>Se fossi un motto&#8230; Una foto una volta, un ricordo per sempre<\/p>\n<p>Il mio personaggio<\/p>\n<p>Avendo trascorso gran parte della mia vita nei commando dell&#8217;esercito, penso di poter dire di me che ho una grande adattabilit\u00e0 e che sono discreto, efficiente, socievole, diretto e onesto.<\/p>\n<p>Il mio stile fotografico<\/p>\n<p>Naturale e romantico, ho un approccio alla fotografia molto reportage che conferisce ai miei matrimoni uno stile pi\u00f9 \u201cfotogiornalistico\u201d e alle mie sessioni pi\u00f9 \u201clifestyle\u201d<\/p>\n<p>I miei valori<\/p>\n<p>Buon senso, seriet\u00e0 e rispetto<\/p>\n","protected":false},"excerpt":{"rendered":"<p>E se ci conosciamo un po&#8217;, la scelta del vostro fotografo non si limita al prezzo e alla qualit\u00e0 delle sue foto, \u00e8 l&#8217;unico dei vostri fornitori di servizi (insieme al videografo quando c&#8217;\u00e8) da seguire te durante tutta la giornata, dal primo caff\u00e8 senza &hellip; <a href=\"https:\/\/olivierdilmi.fr\/it\/su-di-me\/\" class=\"more-link\"><span>Continue reading<span class=\"screen-reader-text\">Su di me<\/span><\/span><\/a><\/p>\n","protected":false},"author":1,"featured_media":0,"parent":0,"menu_order":0,"comment_status":"closed","ping_status":"closed","template":"","meta":{"footnotes":""},"class_list":["post-1939","page","type-page","status-publish","hentry"],"_links":{"self":[{"href":"https:\/\/olivierdilmi.fr\/it\/wp-json\/wp\/v2\/pages\/1939","targetHints":{"allow":["GET"]}}],"collection":[{"href":"https:\/\/olivierdilmi.fr\/it\/wp-json\/wp\/v2\/pages"}],"about":[{"href":"https:\/\/olivierdilmi.fr\/it\/wp-json\/wp\/v2\/types\/page"}],"author":[{"embeddable":true,"href":"https:\/\/olivierdilmi.fr\/it\/wp-json\/wp\/v2\/users\/1"}],"replies":[{"embeddable":true,"href":"https:\/\/olivierdilmi.fr\/it\/wp-json\/wp\/v2\/comments?post=1939"}],"version-history":[{"count":0,"href":"https:\/\/olivierdilmi.fr\/it\/wp-json\/wp\/v2\/pages\/1939\/revisions"}],"wp:attachment":[{"href":"https:\/\/olivierdilmi.fr\/it\/wp-json\/wp\/v2\/media?parent=1939"}],"curies":[{"name":"wp","href":"https:\/\/api.w.org\/{rel}","templated":true}]}}